{"id":74,"date":"2025-02-25T14:53:26","date_gmt":"2025-02-25T14:53:26","guid":{"rendered":"https:\/\/authentiquesavon.com\/?post_type=product&#038;p=74"},"modified":"2026-04-13T09:36:16","modified_gmt":"2026-04-13T09:36:16","slug":"bonne-humeur","status":"publish","type":"product","link":"https:\/\/authentiquesavon.fr\/?product=bonne-humeur","title":{"rendered":"Bonne Humeur-Enrichi aux huiles d&#8217;avocat et de jojoba et \u00e0 l&#8217;huile essentielle d&#8217;orange douce"},"content":{"rendered":"<p><strong>A l&#8217;huile essentielle d&#8217;Orange Douce. Enrichi avec deux huiles pr\u00e9cieuses : Avocat et Jojoba, avec du charbon v\u00e9g\u00e9tal et de l&#8217;argile blanche.<\/strong><\/p>\n<p><strong><span style=\"font-weight: 400\"><strong>Ingr\u00e9dients:<\/strong> <\/span><span style=\"font-weight: 400\">Sodium sunflowerseedate\u00b2(=HV de tournesol saponifi\u00e9e), Sodium Cocoate \u00b2(=HV de noix de coco saponifi\u00e9e), Sodium Shea Butterate \u00b2(=beurre de karit\u00e9 saponifi\u00e9), Aqua(=eau), Glycerin(=glyc\u00e9rine v\u00e9g\u00e9tale issue naturellement de la saponification), Citrus Aurantium Dulcis Peel Oil \u00b9(=HE orange douce), Helianthus annuus seed oil\u00b9(=HV de tournesol), Cocos\u00a0 Nucifera Oil \u00b9(=HV de noix de coco), Persea Gratissima Oil \u00b9(=HV d&#8217;avocat), Simmondsia Chinensis Seed Oil \u00b9(=HV de jojoba), Kaolin(=argile blanche), Butyrospermum Parkii Butter \u00b9(=beurre de karit\u00e9), Charcoal Powder(=charbon v\u00e9g\u00e9tal), <\/span><\/strong>CI 77492 <sup>4<\/sup>, CI 77491 <sup>5 <\/sup><strong><span style=\"font-weight: 400\">(=pigment min\u00e9ral naturel de haute puret\u00e9: oxyde de fer jaune <sup>4 <\/sup>et rouge <sup>5 <\/sup>), Citral \u00b3, Geraniol \u00b3, Limonene \u00b3, Linalool \u00b3<\/span><\/strong><\/p>\n<p><span style=\"font-weight: 400\">HV = Huile V\u00e9g\u00e9tale \/ HE = Huile Essentielle\u00a0<\/span><\/p>\n<p><span style=\"font-weight: 400\">\u00b9 issu de l\u2019agriculture biologique<br \/>\n<\/span><\/p>\n<p><span style=\"font-weight: 400\">\u00b2 transform\u00e9 en savon (saponifi\u00e9) \u00e0 partir d\u2019une huile v\u00e9g\u00e9tale issu de l\u2019agriculture biologique<br \/>\n<\/span><\/p>\n<p><span style=\"font-weight: 400\">\u00b3 composant naturel des Huiles Essentielles\u00a0\u00a0<\/span><\/p>\n<p><span style=\"font-weight: 400\">Selon la r\u00e8glementation en vigueur, le poids du savon est \u00e9valu\u00e9 au lendemain de la coul\u00e9e, son poids peut varier l\u00e9g\u00e8rement en\u00a0 <\/span><span style=\"font-weight: 400\">fonction du temps de s\u00e9chage (dessication).\u00a0\u00a0<\/span><\/p>\n<p><span style=\"font-weight: 400\">Tous les ingr\u00e9dients utilis\u00e9s sont naturels avec un maximum d\u2019ingr\u00e9dients biologiques certifi\u00e9s. Toutes les huiles v\u00e9g\u00e9tales utilis\u00e9es,\u00a0 sont des premi\u00e8res pressions \u00e0 froid et bio, les huiles essentielles sont 100% pures, tous les colorants sont naturel.\u00a0\u00a0<\/span><\/p>\n<p><span style=\"font-weight: 400\">Certaines Huiles Essentielles sont d\u00e9conseill\u00e9es aux enfants de moins de six ans et aux femmes enceintes et allaitantes.\u00a0 \u00c9vitez le contact avec les yeux. Ne pas ing\u00e9rer. En cas de doute consultez un professionnel de sant\u00e9.<\/span><\/p>\n","protected":false},"excerpt":{"rendered":"<p><span style=\"font-weight: 400\">Savon <strong>surgras<\/strong> (15% du poids total des huiles v\u00e9g\u00e9tales n\u2019est pas transform\u00e9 en savon). Extra doux, hydratant ! Tous types de peaux. Visage, corps, barbe.<\/span><\/p>\n<p>Avec 100% d&#8217;ingr\u00e9dients naturels et v\u00e9gan !<\/p>\n","protected":false},"featured_media":503,"comment_status":"open","ping_status":"closed","template":"","meta":{"site-sidebar-layout":"default","site-content-layout":"","ast-site-content-layout":"default","site-content-style":"default","site-sidebar-style":"default","ast-global-header-display":"","ast-banner-title-visibility":"","ast-main-header-display":"","ast-hfb-above-header-display":"","ast-hfb-below-header-display":"","ast-hfb-mobile-header-display":"","site-post-title":"","ast-breadcrumbs-content":"disabled","ast-featured-img":"","footer-sml-layout":"","theme-transparent-header-meta":"default","adv-header-id-meta":"","stick-header-meta":"","header-above-stick-meta":"","header-main-stick-meta":"","header-below-stick-meta":"","astra-migrate-meta-layouts":"set","ast-page-background-enabled":"default","ast-page-background-meta":{"desktop":{"background-color":"var(--ast-global-color-5)","background-image":"","background-repeat":"repeat","background-position":"center center","background-size":"auto","background-attachment":"scroll","background-type":"","background-media":"","overlay-type":"","overlay-color":"","overlay-opacity":"","overlay-gradient":""},"tablet":{"background-color":"","background-image":"","background-repeat":"repeat","background-position":"center center","background-size":"auto","background-attachment":"scroll","background-type":"","background-media":"","overlay-type":"","overlay-color":"","overlay-opacity":"","overlay-gradient":""},"mobile":{"background-color":"","background-image":"","background-repeat":"repeat","background-position":"center center","background-size":"auto","background-attachment":"scroll","background-type":"","background-media":"","overlay-type":"","overlay-color":"","overlay-opacity":"","overlay-gradient":""}},"ast-content-background-meta":{"desktop":{"background-color":"var(--ast-global-color-4)","background-image":"","background-repeat":"repeat","background-position":"center center","background-size":"auto","background-attachment":"scroll","background-type":"","background-media":"","overlay-type":"","overlay-color":"","overlay-opacity":"","overlay-gradient":""},"tablet":{"background-color":"var(--ast-global-color-4)","background-image":"","background-repeat":"repeat","background-position":"center center","background-size":"auto","background-attachment":"scroll","background-type":"","background-media":"","overlay-type":"","overlay-color":"","overlay-opacity":"","overlay-gradient":""},"mobile":{"background-color":"var(--ast-global-color-4)","background-image":"","background-repeat":"repeat","background-position":"center center","background-size":"auto","background-attachment":"scroll","background-type":"","background-media":"","overlay-type":"","overlay-color":"","overlay-opacity":"","overlay-gradient":""}}},"product_brand":[],"product_cat":[29,24],"product_tag":[],"class_list":{"0":"post-74","1":"product","2":"type-product","3":"status-publish","4":"has-post-thumbnail","6":"product_cat-avec-huiles-essentielles","7":"product_cat-nos-savons","8":"product_shipping_class-fr-jusqua-1kg","9":"desktop-align-left","10":"tablet-align-left","11":"mobile-align-left","13":"first","14":"instock","15":"shipping-taxable","16":"purchasable","17":"product-type-variable"},"_links":{"self":[{"href":"https:\/\/authentiquesavon.fr\/index.php?rest_route=\/wp\/v2\/product\/74","targetHints":{"allow":["GET"]}}],"collection":[{"href":"https:\/\/authentiquesavon.fr\/index.php?rest_route=\/wp\/v2\/product"}],"about":[{"href":"https:\/\/authentiquesavon.fr\/index.php?rest_route=\/wp\/v2\/types\/product"}],"replies":[{"embeddable":true,"href":"https:\/\/authentiquesavon.fr\/index.php?rest_route=%2Fwp%2Fv2%2Fcomments&post=74"}],"wp:featuredmedia":[{"embeddable":true,"href":"https:\/\/authentiquesavon.fr\/index.php?rest_route=\/wp\/v2\/media\/503"}],"wp:attachment":[{"href":"https:\/\/authentiquesavon.fr\/index.php?rest_route=%2Fwp%2Fv2%2Fmedia&parent=74"}],"wp:term":[{"taxonomy":"product_brand","embeddable":true,"href":"https:\/\/authentiquesavon.fr\/index.php?rest_route=%2Fwp%2Fv2%2Fproduct_brand&post=74"},{"taxonomy":"product_cat","embeddable":true,"href":"https:\/\/authentiquesavon.fr\/index.php?rest_route=%2Fwp%2Fv2%2Fproduct_cat&post=74"},{"taxonomy":"product_tag","embeddable":true,"href":"https:\/\/authentiquesavon.fr\/index.php?rest_route=%2Fwp%2Fv2%2Fproduct_tag&post=74"}],"curies":[{"name":"wp","href":"https:\/\/api.w.org\/{rel}","templated":true}]}}