{"id":47,"date":"2025-02-21T16:38:16","date_gmt":"2025-02-21T16:38:16","guid":{"rendered":"https:\/\/authentiquesavon.com\/?post_type=product&#038;p=47"},"modified":"2026-04-13T09:36:16","modified_gmt":"2026-04-13T09:36:16","slug":"oetingeois","status":"publish","type":"product","link":"https:\/\/authentiquesavon.fr\/?product=oetingeois","title":{"rendered":"Oetingeois &#8211; Enrichi \u00e0 l\u2019huile d\u2019avocat et aux huiles essentielles de verveine exotique et de lemongrass."},"content":{"rendered":"<p><strong>Enrichi \u00e0 l\u2019huile d\u2019Avocat, aux Huiles Essentielles de Verveine Exotique et de Lemongrass.<\/strong><\/p>\n<p><strong>Ingr\u00e9dients : <\/strong>Sodium sunflowerseedate \u00b2(=HV de tournesol saponifi\u00e9e) , Sodium Cocoate \u00b2(=HV de noix de coco saponifi\u00e9e), Sodium Shea Butterate \u00b2(beurre de karit\u00e9 saponifi\u00e9), Aqua(=eau), Glycerin(=glyc\u00e9rine v\u00e9g\u00e9tale issue nature<span style=\"font-size: 16px\">llement de la saponification), Persea Gratissima Oil \u00b9(=HV d&#8217;avocat), Sodium Castorate \u00b2(=HV de ricin saponifi\u00e9e), Helianthus annuus seed oil\u00b9(=HV de tournesol), Cocos Nucifera Oil \u00b9(=HV de noix de coco), Kaolin(=argile blanche), Butyrospermum Parkii Butter<\/span><span style=\"font-size: 16px\">\u00b9(=beurre de karit\u00e9) , Cymbopogon Citratus Leaf\u00a0 Oil \u00b9(=<\/span><span style=\"font-size: 16px\"> HE lemongrass), Litsea Cubeba Fruit Oil \u00b9(=<\/span><span style=\"font-size: 16px\">HE verveine exotique), Ricinus Communis Seed Oil \u00b9(=HV de ricin), CI 77007<sup>4 <\/sup>(=pigment min\u00e9ral naturel de haute puret\u00e9: bleu d\u2019outremer<sup>4<\/sup>), Citral\u00b3,\u00a0 Citronellol\u00b3, Geraniol\u00b3, Limonene\u00b3 , Linalool\u00b3<\/span><\/p>\n<p><span style=\"font-weight: 400\">HV = Huile V\u00e9g\u00e9tale \/ HE = Huile Essentielle\u00a0<\/span><\/p>\n<p><span style=\"font-weight: 400\">\u00b9 issu de l\u2019agriculture biologique<br \/>\n<\/span><\/p>\n<p><span style=\"font-weight: 400\">\u00b2 transform\u00e9 en savon (saponifi\u00e9) \u00e0 partir d\u2019une huile v\u00e9g\u00e9tale issu de l\u2019agriculture biologique<br \/>\n<\/span><\/p>\n<p><span style=\"font-weight: 400\">\u00b3 composant naturel des Huiles Essentielles\u00a0\u00a0<\/span><\/p>\n<p><span style=\"font-weight: 400\">Selon la r\u00e8glementation en vigueur, le poids du savon est \u00e9valu\u00e9 au lendemain de la coul\u00e9e, son poids peut varier l\u00e9g\u00e8rement en\u00a0 <\/span><span style=\"font-weight: 400\">fonction du temps de s\u00e9chage (dessication).\u00a0\u00a0<\/span><\/p>\n<p><span style=\"font-weight: 400\">Tous les ingr\u00e9dients utilis\u00e9s sont naturels avec un maximum d\u2019ingr\u00e9dients biologiques certifi\u00e9s. Toutes les huiles v\u00e9g\u00e9tales utilis\u00e9es,\u00a0 sont des premi\u00e8res pressions \u00e0 froid et bio, les huiles essentielles sont 100% pures, tous les colorants sont naturel.<\/span><\/p>\n<p><span style=\"font-weight: 400\">Certaines Huiles Essentielles sont d\u00e9conseill\u00e9es aux enfants de moins de six ans et aux femmes enceintes et allaitantes.\u00a0 \u00c9vitez le contact avec les yeux. Ne pas ing\u00e9rer. En cas de doute consultez un professionnel de sant\u00e9.<\/span><\/p>\n","protected":false},"excerpt":{"rendered":"<p><strong>Rafra\u00eechissant<\/strong> gr\u00e2ce \u00e0 l&#8217;odeur <strong>citronn\u00e9e<\/strong> de l&#8217;huile essentielle de Verveine Exotique et de <strong>tonifiant<\/strong> gr\u00e2ce \u00e0 l&#8217;huile essentielle de Lemongrass<\/p>\n<p>Savon surgras (15% du poids total des huiles v\u00e9g\u00e9tales n&#8217;est pas transform\u00e9 en savon). Extra doux, hydratant! Tous types de peaux. Visage, corps, barbe.<\/p>\n<p>Avec 100% d&#8217;ingr\u00e9dients naturels et v\u00e9gan !<\/p>\n","protected":false},"featured_media":509,"comment_status":"open","ping_status":"closed","template":"","meta":{"site-sidebar-layout":"default","site-content-layout":"","ast-site-content-layout":"default","site-content-style":"default","site-sidebar-style":"default","ast-global-header-display":"","ast-banner-title-visibility":"","ast-main-header-display":"","ast-hfb-above-header-display":"","ast-hfb-below-header-display":"","ast-hfb-mobile-header-display":"","site-post-title":"","ast-breadcrumbs-content":"disabled","ast-featured-img":"","footer-sml-layout":"","theme-transparent-header-meta":"default","adv-header-id-meta":"","stick-header-meta":"","header-above-stick-meta":"","header-main-stick-meta":"","header-below-stick-meta":"","astra-migrate-meta-layouts":"set","ast-page-background-enabled":"default","ast-page-background-meta":{"desktop":{"background-color":"var(--ast-global-color-5)","background-image":"","background-repeat":"repeat","background-position":"center center","background-size":"auto","background-attachment":"scroll","background-type":"","background-media":"","overlay-type":"","overlay-color":"","overlay-opacity":"","overlay-gradient":""},"tablet":{"background-color":"","background-image":"","background-repeat":"repeat","background-position":"center center","background-size":"auto","background-attachment":"scroll","background-type":"","background-media":"","overlay-type":"","overlay-color":"","overlay-opacity":"","overlay-gradient":""},"mobile":{"background-color":"","background-image":"","background-repeat":"repeat","background-position":"center center","background-size":"auto","background-attachment":"scroll","background-type":"","background-media":"","overlay-type":"","overlay-color":"","overlay-opacity":"","overlay-gradient":""}},"ast-content-background-meta":{"desktop":{"background-color":"var(--ast-global-color-4)","background-image":"","background-repeat":"repeat","background-position":"center center","background-size":"auto","background-attachment":"scroll","background-type":"","background-media":"","overlay-type":"","overlay-color":"","overlay-opacity":"","overlay-gradient":""},"tablet":{"background-color":"var(--ast-global-color-4)","background-image":"","background-repeat":"repeat","background-position":"center center","background-size":"auto","background-attachment":"scroll","background-type":"","background-media":"","overlay-type":"","overlay-color":"","overlay-opacity":"","overlay-gradient":""},"mobile":{"background-color":"var(--ast-global-color-4)","background-image":"","background-repeat":"repeat","background-position":"center center","background-size":"auto","background-attachment":"scroll","background-type":"","background-media":"","overlay-type":"","overlay-color":"","overlay-opacity":"","overlay-gradient":""}}},"product_brand":[],"product_cat":[29,24],"product_tag":[],"class_list":{"0":"post-47","1":"product","2":"type-product","3":"status-publish","4":"has-post-thumbnail","6":"product_cat-avec-huiles-essentielles","7":"product_cat-nos-savons","8":"product_shipping_class-fr-jusqua-1kg","9":"desktop-align-left","10":"tablet-align-left","11":"mobile-align-left","13":"first","14":"instock","15":"shipping-taxable","16":"purchasable","17":"product-type-variable"},"_links":{"self":[{"href":"https:\/\/authentiquesavon.fr\/index.php?rest_route=\/wp\/v2\/product\/47","targetHints":{"allow":["GET"]}}],"collection":[{"href":"https:\/\/authentiquesavon.fr\/index.php?rest_route=\/wp\/v2\/product"}],"about":[{"href":"https:\/\/authentiquesavon.fr\/index.php?rest_route=\/wp\/v2\/types\/product"}],"replies":[{"embeddable":true,"href":"https:\/\/authentiquesavon.fr\/index.php?rest_route=%2Fwp%2Fv2%2Fcomments&post=47"}],"wp:featuredmedia":[{"embeddable":true,"href":"https:\/\/authentiquesavon.fr\/index.php?rest_route=\/wp\/v2\/media\/509"}],"wp:attachment":[{"href":"https:\/\/authentiquesavon.fr\/index.php?rest_route=%2Fwp%2Fv2%2Fmedia&parent=47"}],"wp:term":[{"taxonomy":"product_brand","embeddable":true,"href":"https:\/\/authentiquesavon.fr\/index.php?rest_route=%2Fwp%2Fv2%2Fproduct_brand&post=47"},{"taxonomy":"product_cat","embeddable":true,"href":"https:\/\/authentiquesavon.fr\/index.php?rest_route=%2Fwp%2Fv2%2Fproduct_cat&post=47"},{"taxonomy":"product_tag","embeddable":true,"href":"https:\/\/authentiquesavon.fr\/index.php?rest_route=%2Fwp%2Fv2%2Fproduct_tag&post=47"}],"curies":[{"name":"wp","href":"https:\/\/api.w.org\/{rel}","templated":true}]}}