{"id":446,"date":"2025-05-29T16:11:21","date_gmt":"2025-05-29T16:11:21","guid":{"rendered":"https:\/\/authentiquesavon.fr\/?post_type=product&#038;p=446"},"modified":"2026-02-05T22:11:06","modified_gmt":"2026-02-05T22:11:06","slug":"baume-synergie-spray","status":"publish","type":"product","link":"https:\/\/authentiquesavon.fr\/?product=baume-synergie-spray","title":{"rendered":"Baume Synergie Spray &#8211; synergie de 6 huiles v\u00e9g\u00e9tales"},"content":{"rendered":"<p><b>Ingr\u00e9dients : <\/b>\u00a0Cannabis Sativa Seed Oil\u00b9(=HV de chanvre\u00b9) ,Olea Europaea Fruit Oil\u00b9(=HV d&#8217;olive\u00b9) ,Persea Gratissima Oil\u00b9(=HV d&#8217;avocat\u00b9), Prunus Armeniaca Kernel Oil\u00b9(=HV de noyau d\u2019abricot\u00b9), Simmondsia Chinensis Seed Oil\u00b9(=HV de jojoba\u00b9), Argania Spinosa Kernel Oil\u00b9(=HV d&#8217;argan\u00b9)<\/p>\n<p>HV = Huile\u00a0 V\u00e9g\u00e9tale<\/p>\n<p>\u00b9 issu de l\u2019agriculture biologique<\/p>\n<p>&nbsp;<\/p>\n<p><strong>Huile v\u00e9g\u00e9tale de Jojoba BIO<\/strong><br \/>\nCalmante et assouplissante, cette huile p\u00e9n\u00e8tre facilement dans la peau sans laisser de sensation de gras. Elle prot\u00e8ge la peau contre la d\u00e9shydratation et<br \/>\nles rides. Elle est id\u00e9ale pour les massages et pour les soins d\u00e9maquillants.<br \/>\n<em>Propri\u00e9t\u00e9s<\/em><br \/>\n\u2022 Elle prot\u00e8ge de la d\u00e9shydratation et freine les pertes en eau des cellules de la peau.<br \/>\n\u2022 Nourrissante, elle p\u00e9n\u00e8tre en profondeur dans la peau sans laisser de film gras en surface.<br \/>\n\u2022 R\u00e9-\u00e9quilibrante, elle a une action r\u00e9gulatrice s\u00e9borrh\u00e9ique (r\u00e9gule les s\u00e9cr\u00e9tions de s\u00e9bum).<br \/>\n\u2022 L&#8217;huile de Jojoba est connue pour son action calmante et cicatrisante.<br \/>\n\u2022 Protectrice, assouplissante et adoucissante, elle convient aux peaux sensibles.<br \/>\n\u2022 R\u00e9g\u00e9n\u00e9rante et anti vieillissement, elle maintient la souplesse et l&#8217;\u00e9lasticit\u00e9 de la peau (active le m\u00e9tabolisme de l&#8217;\u00e9lastine).<br \/>\n\u2022 Participe \u00e0 lisser et \u00e0 raffermir une peau qui devient flasque.<br \/>\n<em>Indications<\/em><br \/>\n\u2022 Peaux s\u00e8ches, tr\u00e8s s\u00e8ches et d\u00e9shydrat\u00e9es<br \/>\n\u2022 Soin des peaux grasses et mixtes<br \/>\n\u2022 Soin des peaux sensibles<br \/>\n\u2022 Peaux rid\u00e9es ou pr\u00e9vention du vieillissement<br \/>\n\u2022 Protection de la peau face aux \u00e9l\u00e9ments naturels<br \/>\n\u2022 Convient aux b\u00e9b\u00e9s et aux jeunes enfants<br \/>\n\u2022 Id\u00e9ale comme d\u00e9maquillant adoucissant et protecteur<\/p>\n<p><strong>Huile v\u00e9g\u00e9tale d&#8217;Avocat BIO<\/strong><br \/>\nObtenue \u00e0 partir de la pulpe d&#8217;avocat, c&#8217;est une excellente huile anti-\u00e2ge et nourrissante avec des propri\u00e9t\u00e9s p\u00e9n\u00e9trantes exceptionnelles. Elle s&#8217;appliquera<br \/>\nsur le contour des yeux, et accompagn\u00e9e d&#8217;huiles essentielles sur les peaux s\u00e8ches.<br \/>\n<em>Propri\u00e9t\u00e9s<\/em><br \/>\n\u2022 Assouplissante, protectrice et tr\u00e8s douce, elle redonne \u00e9lasticit\u00e9 et confort \u00e0 la peau et prend soin des peaux fragiles.<br \/>\n\u2022 R\u00e9g\u00e9n\u00e9rante et restructurante, elle agit contre le vieillissement cutan\u00e9.<br \/>\n\u2022 Elle prot\u00e8ge la peau en profondeur et la fortifie contre les agressions (soleil, vents&#8230;).<br \/>\n\u2022 Cicatrisante et calmante, elle fait des merveilles sur les petits bobos du quotidien et les vergetures.<br \/>\n<em>Indications<\/em><br \/>\n\u2022 Peaux d\u00e9shydrat\u00e9es, d\u00e9vitalis\u00e9es, dess\u00e9ch\u00e9es, fissur\u00e9es, desquam\u00e9es, distendues<br \/>\n\u2022 Peaux fragiles (cou, contour des yeux)<br \/>\n\u2022 Peaux matures<br \/>\n\u2022 Vergetures et cicatrices (curatif ou pr\u00e9ventif)<\/p>\n<p><strong>Huile v\u00e9g\u00e9tale de Chanvre BIO<\/strong><br \/>\nRiche en om\u00e9ga-6 et om\u00e9ga-3, cette huile redonne douceur et \u00e9lasticit\u00e9 \u00e0 la peau, restructure la membrane cellulaire et lutte contre la d\u00e9shydratation.<br \/>\nTr\u00e8s p\u00e9n\u00e9trante, cette huile s\u00e8che est tr\u00e8s appr\u00e9ci\u00e9e en massage.<\/p>\n<p><em>Propri\u00e9t\u00e9s<\/em><br \/>\n\u2022 Anti-\u00e2ge, r\u00e9g\u00e9n\u00e9rante, revitalisante gr\u00e2ce \u00e0 ses acides gras essentiels qui compensent l&#8217;agression des radicaux libres et stimulent la<br \/>\nr\u00e9g\u00e9n\u00e9ration du tissu cutan\u00e9.<br \/>\n\u2022 Calmante, elle poss\u00e8de une action apaisante sur les rougeurs et les irritations.<br \/>\n\u2022 Tr\u00e8s \u00e9molliente, elle r\u00e9duit les pertes d&#8217;eau et prot\u00e8ge la peau de la d\u00e9shydratation.<br \/>\n\u2022 P\u00e9n\u00e9trant rapidement sans film gras, cette huile &#8220;s\u00e8che&#8221; est tr\u00e8s appr\u00e9ci\u00e9e pour les massages.<br \/>\n\u2022 Raffermissante et assouplissante, elle permet de maintenir l&#8217;\u00e9lasticit\u00e9 et la jeunesse de votre peau.<br \/>\n<em>Indications<\/em><br \/>\n\u2022 Rides (pr\u00e9ventif et curatif)<br \/>\n\u2022 Peaux d\u00e9shydrat\u00e9es et s\u00e8ches<br \/>\n\u2022 Peaux d\u00e9vitalis\u00e9es, fatigu\u00e9es<br \/>\n\u2022 Peaux matures<br \/>\n\u2022 Peaux sensibles (ecz\u00e9ma, psoriasis, acn\u00e9)<\/p>\n<p><strong>Huile v\u00e9g\u00e9tale d&#8217;Olive BIO<\/strong><br \/>\nSa teneur en vitamine E et en polyph\u00e9nols aide \u00e0 lutter contre le vieillissement de la peau. Cette huile prot\u00e8ge et assouplit la peau, et procure force et<br \/>\nbrillance aux cheveux. C&#8217;est aussi un ingr\u00e9dient de choix pour les liniments.<br \/>\n<em>Propri\u00e9t\u00e9s<\/em><br \/>\n\u2022 Antioxydante, elle prot\u00e8ge de l&#8217;action n\u00e9faste des radicaux libres et pr\u00e9vient des effets du vieillissement.<br \/>\n\u2022 Huile \u00e9molliente et riche, elle nourrit la peau en profondeur et r\u00e9gule le syst\u00e8me naturel d&#8217;hydratation de la peau.<br \/>\n\u2022 Calmante, elle apaise les rougeurs et les irritations.<br \/>\n\u2022 Tr\u00e8s douce, elle est parfaitement tol\u00e9r\u00e9e par les peaux les plus sensibles.<br \/>\n<em>Indications<\/em><br \/>\n\u2022 Peaux irrit\u00e9es (ger\u00e7ures, crevasses&#8230;)<br \/>\n\u2022 Soins des l\u00e8vres et des mains<br \/>\n\u2022 S\u00e9cheresse de la peau<br \/>\n\u2022 Peaux sensibles (ecz\u00e9ma, psoriasis, dartres)<br \/>\n\u2022 Peaux des b\u00e9b\u00e9s<br \/>\n\u2022 Peaux matures et s\u00e8ches<\/p>\n<p><strong>Huile v\u00e9g\u00e9tale d&#8217;Abricot BIO<\/strong><br \/>\nExtraite des noyaux d&#8217;abricot, cette huile est connue pour son effet anti-\u00e2ge et rajeunissant sur tous les types de peau. Elle donne une bonne mine et<br \/>\nconstitue une excellente base pour les m\u00e9langes d&#8217;huiles essentielles et le massage.<br \/>\n<em>Propri\u00e9t\u00e9s<\/em><br \/>\n\u2022 Huile illuminatrice, elle apporte un v\u00e9ritable coup d&#8217;\u00e9clat \u00e0 votre peau.<br \/>\n\u2022 R\u00e9g\u00e9n\u00e9rante et revitalisante, elle lutte contre les effets du vieillissement.<br \/>\n\u2022 Tonifiante, elle assouplit les peaux les plus s\u00e8ches.<br \/>\n\u2022 Emolliente, elle nourrit la peau et contribue ainsi \u00e0 la rendre plus douce.<br \/>\n\u2022 En renfor\u00e7ant le film hydrolipidique, elle prot\u00e8ge la peau de la d\u00e9shydratation.<br \/>\n<em>Indications<\/em><br \/>\n\u2022 Teints ternes, fatigu\u00e9s, asphyxi\u00e9s<br \/>\n\u2022 Peaux fl\u00e9tries, fatigu\u00e9es, frip\u00e9es (d\u00e9collet\u00e9, visage et mains)<br \/>\n\u2022 Peaux sans tonus, d\u00e9vitalis\u00e9es<\/p>\n<p><strong>Huile d\u2019argan<\/strong><br \/>\n<em>Propri\u00e9t\u00e9s<\/em><br \/>\n\u2022 Tonifiante et assouplissante : elle redonne \u00e9lasticit\u00e9 et souplesse \u00e0 la peau.<br \/>\n\u2022 Riche en antioxydants : elle neutralise les radicaux libres et lutte contre les signes du vieillissement cutan\u00e9.<br \/>\n\u2022 Extr\u00eamement nourrissante et r\u00e9paratrice, elle aide \u00e0 r\u00e9g\u00e9n\u00e9rer le film hydrolipidique cutan\u00e9<br \/>\n\u2022 Protectrice cutan\u00e9e, elle limite les effets des agressions ext\u00e9rieures (froid, vent&#8230;).<br \/>\n<em>Indications<\/em><br \/>\n\u2022 Peaux s\u00e8ches<br \/>\n\u2022 Peaux matures manquant de tonus<br \/>\n\u2022 Peaux d\u00e9vitalis\u00e9es<br \/>\n\u2022 Peaux \u00e0 imperfections<\/p>\n<p>Tous les ingr\u00e9dients utilis\u00e9s sont naturels et biologiques certifi\u00e9s. Toutes les huiles utilis\u00e9es, sont des huiles vierges premi\u00e8res pressions \u00e0 froid. Cependant, tout produit naturel est potentiellement allerg\u00e8ne, seulement si vous \u00eates d\u00e9j\u00e0 allergique \u00e0 l\u2019un des ingr\u00e9dients. Faire une petite application dans le creux du bras et patienter 24h \u00e0 48h et constatez s\u2019il y a une r\u00e9action allergique ou non. En cas de doute consultez un professionnel de sant\u00e9. Ne pas ing\u00e9rer. \u00c9vitez le contact avec les yeux.<\/p>\n<p>&nbsp;<\/p>\n","protected":false},"excerpt":{"rendered":"<p>Baume complet aux 6 huiles pr\u00e9cieuses:<\/p>\n<p>Hydratant; R\u00e9g\u00e9n\u00e9rant; Nourrissant; Protecteur; Assouplissant, Anti-\u00e2ge<\/p>\n<p>100% Naturel; 100% V\u00e9g\u00e9tal; 100% Bio<\/p>\n","protected":false},"featured_media":447,"comment_status":"open","ping_status":"closed","template":"","meta":{"site-sidebar-layout":"default","site-content-layout":"","ast-site-content-layout":"default","site-content-style":"default","site-sidebar-style":"default","ast-global-header-display":"","ast-banner-title-visibility":"","ast-main-header-display":"","ast-hfb-above-header-display":"","ast-hfb-below-header-display":"","ast-hfb-mobile-header-display":"","site-post-title":"","ast-breadcrumbs-content":"","ast-featured-img":"","footer-sml-layout":"","theme-transparent-header-meta":"default","adv-header-id-meta":"","stick-header-meta":"","header-above-stick-meta":"","header-main-stick-meta":"","header-below-stick-meta":"","astra-migrate-meta-layouts":"set","ast-page-background-enabled":"default","ast-page-background-meta":{"desktop":{"background-color":"var(--ast-global-color-5)","background-image":"","background-repeat":"repeat","background-position":"center center","background-size":"auto","background-attachment":"scroll","background-type":"","background-media":"","overlay-type":"","overlay-color":"","overlay-opacity":"","overlay-gradient":""},"tablet":{"background-color":"","background-image":"","background-repeat":"repeat","background-position":"center center","background-size":"auto","background-attachment":"scroll","background-type":"","background-media":"","overlay-type":"","overlay-color":"","overlay-opacity":"","overlay-gradient":""},"mobile":{"background-color":"","background-image":"","background-repeat":"repeat","background-position":"center center","background-size":"auto","background-attachment":"scroll","background-type":"","background-media":"","overlay-type":"","overlay-color":"","overlay-opacity":"","overlay-gradient":""}},"ast-content-background-meta":{"desktop":{"background-color":"var(--ast-global-color-4)","background-image":"","background-repeat":"repeat","background-position":"center center","background-size":"auto","background-attachment":"scroll","background-type":"","background-media":"","overlay-type":"","overlay-color":"","overlay-opacity":"","overlay-gradient":""},"tablet":{"background-color":"var(--ast-global-color-4)","background-image":"","background-repeat":"repeat","background-position":"center center","background-size":"auto","background-attachment":"scroll","background-type":"","background-media":"","overlay-type":"","overlay-color":"","overlay-opacity":"","overlay-gradient":""},"mobile":{"background-color":"var(--ast-global-color-4)","background-image":"","background-repeat":"repeat","background-position":"center center","background-size":"auto","background-attachment":"scroll","background-type":"","background-media":"","overlay-type":"","overlay-color":"","overlay-opacity":"","overlay-gradient":""}}},"product_brand":[],"product_cat":[26],"product_tag":[],"class_list":{"0":"post-446","1":"product","2":"type-product","3":"status-publish","4":"has-post-thumbnail","6":"product_cat-nos-baumes","7":"product_shipping_class-fr-jusqua-1kg","8":"desktop-align-left","9":"tablet-align-left","10":"mobile-align-left","12":"first","13":"instock","14":"taxable","15":"shipping-taxable","16":"purchasable","17":"product-type-variable"},"_links":{"self":[{"href":"https:\/\/authentiquesavon.fr\/index.php?rest_route=\/wp\/v2\/product\/446","targetHints":{"allow":["GET"]}}],"collection":[{"href":"https:\/\/authentiquesavon.fr\/index.php?rest_route=\/wp\/v2\/product"}],"about":[{"href":"https:\/\/authentiquesavon.fr\/index.php?rest_route=\/wp\/v2\/types\/product"}],"replies":[{"embeddable":true,"href":"https:\/\/authentiquesavon.fr\/index.php?rest_route=%2Fwp%2Fv2%2Fcomments&post=446"}],"wp:featuredmedia":[{"embeddable":true,"href":"https:\/\/authentiquesavon.fr\/index.php?rest_route=\/wp\/v2\/media\/447"}],"wp:attachment":[{"href":"https:\/\/authentiquesavon.fr\/index.php?rest_route=%2Fwp%2Fv2%2Fmedia&parent=446"}],"wp:term":[{"taxonomy":"product_brand","embeddable":true,"href":"https:\/\/authentiquesavon.fr\/index.php?rest_route=%2Fwp%2Fv2%2Fproduct_brand&post=446"},{"taxonomy":"product_cat","embeddable":true,"href":"https:\/\/authentiquesavon.fr\/index.php?rest_route=%2Fwp%2Fv2%2Fproduct_cat&post=446"},{"taxonomy":"product_tag","embeddable":true,"href":"https:\/\/authentiquesavon.fr\/index.php?rest_route=%2Fwp%2Fv2%2Fproduct_tag&post=446"}],"curies":[{"name":"wp","href":"https:\/\/api.w.org\/{rel}","templated":true}]}}