{"id":3,"date":"2025-01-30T11:02:50","date_gmt":"2025-01-30T11:02:50","guid":{"rendered":"http:\/\/authentiquesavon.com\/?page_id=3"},"modified":"2025-03-18T10:26:32","modified_gmt":"2025-03-18T10:26:32","slug":"privacy-policy","status":"publish","type":"page","link":"https:\/\/authentiquesavon.fr\/?page_id=3","title":{"rendered":"Politique de confidentialit\u00e9"},"content":{"rendered":"\n<h2 class=\"wp-block-heading\"><strong>Traitement des donn\u00e9es personnelles<\/strong><\/h2>\n\n\n\n<p class=\"has-text-align-left\">Une donn\u00e9e personnelle est une donn\u00e9e qui permet, seule ou par association, d\u2019identifier une personne (nom, adresse email, adresse IP, \u2026).<br>La savonnerie Authentique Savon s\u2019engage \u00e0 ce que le traitement des donn\u00e9es personnelles collect\u00e9es sur authentiquesavon.com&nbsp;soit conforme au RGPD (R\u00e8glement G\u00e9n\u00e9ral sur la Protection des Donn\u00e9es).<\/p>\n\n\n\n<h6 class=\"wp-block-heading\"><strong>Responsable du traitement :<\/strong> C\u00e9dric Einsitel<\/h6>\n\n\n\n<p>Lors de la collecte de donn\u00e9es personnelles sur ce site, une information vous est fournie sur la finalit\u00e9 de leur traitement et leur destinataire. Vous devez donner votre consentement \u00e0 ce traitement pour pouvoir nous envoyer vos donn\u00e9es.<\/p>\n\n\n\n<h2 class=\"wp-block-heading\"><strong>\u00c0 quelles fins vos donn\u00e9es personnelles sont-elles collect\u00e9es ?<\/strong><\/h2>\n\n\n\n<p>Vous fournir une meilleure exp\u00e9rience de visite sur authentiquesavon.com, en rep\u00e9rant des bugs par exemple.<\/p>\n\n\n\n<ul class=\"wp-block-list\">\n<li>Suivi statistique et marketing : conna\u00eetre la mani\u00e8re dont vous \u00eates arriv\u00e9 sur ce site (via un moteur de recherche, nos r\u00e9seaux sociaux, en saisissant directement l\u2019URL, \u2026)<\/li>\n\n\n\n<li>Vous demander votre avis sur nos produits \u00e0 la suite d\u2019une commande.<\/li>\n\n\n\n<li>Vous envoyer une lettre d\u2019information si vous vous abonnez.<\/li>\n\n\n\n<li>Pour la cr\u00e9ation de votre compte client sur ce site.<\/li>\n\n\n\n<li>Pour r\u00e9pondre \u00e0 vos demandes : traiter vos commandes, vous contacter en cas de souci avec votre commande, donner vos coordonn\u00e9es au transporteur pour qu\u2019il puisse livrer votre commande, ou encore r\u00e9pondre aux messages envoy\u00e9s via le formulaire de contact.\u00a0<\/li>\n<\/ul>\n\n\n\n<p>Les finalit\u00e9s suivantes encadrent donc la collecte de vos donn\u00e9es sur authentiquesavon.com, soit :<\/p>\n\n\n\n<ul class=\"wp-block-list\">\n<li>Rep\u00e9rer les probl\u00e8mes techniques afin de les r\u00e9parer<\/li>\n\n\n\n<li>Conna\u00eetre les habitudes de navigation des visiteurs pour leur fournir une meilleure exp\u00e9rience<\/li>\n\n\n\n<li>Vous fournir les services que vous demandez<\/li>\n\n\n\n<li>Vous envoyer des informations sur les actualit\u00e9s d\u2019Authentique Savon si vous \u00eates abonn\u00e9 \u00e0 la lettre d\u2019information<\/li>\n\n\n\n<li>Mener des actions de prospection ou de fid\u00e9lisation<\/li>\n\n\n\n<li>Recueil de vos avis sur les services d\u2019Authentique Savon<\/li>\n\n\n\n<li>Pour garantir vos droits sur vos donn\u00e9es personnelles (voir \u00e0 la fin de cette page)<\/li>\n<\/ul>\n\n\n\n<p>Vos donn\u00e9es sont collect\u00e9es sur une ou plusieurs des bases juridiques suivantes :<\/p>\n\n\n\n<ul class=\"wp-block-list\">\n<li>l\u2019existence d\u2019un int\u00e9r\u00eat l\u00e9gitime \u00e0 utiliser vos donn\u00e9es.<\/li>\n\n\n\n<li>votre consentement explicite (donn\u00e9 via les cases \u00e0 cocher au bas des formulaires pr\u00e9sents sur ce site et lors d\u2019une commande et la banni\u00e8re de cookies \u00e0 l\u2019arriv\u00e9e sur le site),<\/li>\n\n\n\n<li>l\u2019ex\u00e9cution d\u2019une commande,<\/li>\n<\/ul>\n\n\n\n<h2 class=\"wp-block-heading\"><strong>Quelles donn\u00e9es personnelles sont collect\u00e9es ?<\/strong><\/h2>\n\n\n\n<p>La savonnerie Authentique Savon collecte plusieurs types de donn\u00e9es lors de vos visites sur authentiquesavon.com.<\/p>\n\n\n\n<h2 class=\"wp-block-heading\"><strong>Les donn\u00e9es collect\u00e9es automatiquement<\/strong><\/h2>\n\n\n\n<p>Vos donn\u00e9es de connexion sont collect\u00e9es via des cookies et des outils de mesure d\u2019audience (Google Analytics). Ces donn\u00e9es sont anonymis\u00e9es et ne permettent pas de vous reconna\u00eetre individuellement. Pour plus d\u2019informations, rendez-vous sur la page cookies.<\/p>\n\n\n\n<h2 class=\"wp-block-heading\"><strong>Les donn\u00e9es que vous transmettez directement<\/strong><\/h2>\n\n\n\n<p>Lors d\u2019une commande ou de l\u2019envoi d\u2019un formulaire de contact, vous transmettez vos donn\u00e9es personnelles. Vous donnez votre consentement explicite pour leur utilisation via une case \u00e0 cocher avant validation de votre demande.\u00a0<br>Ces donn\u00e9es (nom, pr\u00e9nom, coordonn\u00e9es) sont utilis\u00e9es pour traiter votre demande. Elles peuvent \u00eatre partag\u00e9es avec des tiers (transporteur) pour mener \u00e0 bien votre commande.<\/p>\n\n\n\n<p>Aucune donn\u00e9e sensible n\u2019est collect\u00e9e sur ce site. Les donn\u00e9es sensibles sont, selon la CNIL, les informations \u00ab concernant l\u2019origine raciale ou ethnique, les opinions politiques, philosophiques ou religieuses, l\u2019appartenance syndicale, la sant\u00e9 ou la vie sexuelle \u00bb.<\/p>\n\n\n\n<p>Ce site professionnel est destin\u00e9 \u00e0 des adultes de plus de 18 ans. Il ne fait donc pas la collecte des donn\u00e9es de mineurs.<\/p>\n\n\n\n<p>Si un utilisateur du site partage les donn\u00e9es personnelles d\u2019une autre personne, il doit s\u2019\u00eatre assur\u00e9 au pr\u00e9alable du consentement de cette personne pour le partage de ses donn\u00e9es.<\/p>\n\n\n\n<h2 class=\"wp-block-heading\"><strong>Qui a acc\u00e8s \u00e0 vos donn\u00e9es personnelles ?<\/strong><\/h2>\n\n\n\n<p>Les donn\u00e9es personnelles que vous confiez \u00e0 la savonnerie Authentique Savon ne sont pas partag\u00e9es avec des tiers \u00e0 quelques exceptions pr\u00e8s : les prestataires qui fournissent les applications utilis\u00e9es sur le site ou qui sont li\u00e9s \u00e0 celui-ci. En voici la liste :<\/p>\n\n\n\n<ul class=\"wp-block-list\">\n<li>Instagram si contact via le compte Instagram d\u2019Authentique Savon<\/li>\n\n\n\n<li>Elementor pour les formulaires<\/li>\n\n\n\n<li>Google Analytics<\/li>\n\n\n\n<li>Facebook si contact via la page Facebook d\u2019Authentique Savon<\/li>\n<\/ul>\n\n\n\n<h2 class=\"wp-block-heading\"><strong>Protection de vos donn\u00e9es personnelles<\/strong><\/h2>\n\n\n\n<p>authentiquesavon.com utilise un chiffrement HTTPS\/TLS pour prot\u00e9ger les donn\u00e9es qui transitent par ce site. Cependant, aucune transmission de donn\u00e9es en ligne est s\u00e9curis\u00e9e \u00e0 100%, donc aucune garantie de s\u00e9curit\u00e9 totale ne peut \u00eatre faite. Les mesures pertinentes sont prises mais ne pr\u00e9viennent pas tous les risques.<\/p>\n\n\n\n<h2 class=\"wp-block-heading\"><strong>Dur\u00e9e de conservation des donn\u00e9es<\/strong><\/h2>\n\n\n\n<p>Vos donn\u00e9es personnelles fourniers lors de vos commandes ou de vos demandes d\u2019informations sont conserv\u00e9es 3 ans \u00e0 compter de votre derni\u00e8re commande, prise de contact ou r\u00e9ponse.<\/p>\n\n\n\n<p>Les donn\u00e9es collect\u00e9es par Google Analytics sont conserv\u00e9es 2 mois.&nbsp;<\/p>\n\n\n\n<h2 class=\"wp-block-heading\"><strong><strong>Exercez vos droits<\/strong><\/strong><\/h2>\n\n\n\n<p>Pour exercer un ou plusieurs de vos droits Informatique et Libert\u00e9s dont certains sont list\u00e9s ci-dessous, vous pouvez nous contacter :<\/p>\n\n\n\n<ul class=\"wp-block-list\">\n<li>Via notre formulaire de contact<\/li>\n\n\n\n<li>Par courrier :<br>Donn\u00e9es personnelles<br>Authentique Savon\u00a0<br>593 rue du G\u00e9n\u00e9ral de Gaulle<br>57600 OETING\u00a0<br>France<\/li>\n<\/ul>\n\n\n\n<p>Dans tous les cas, une r\u00e9ponse vous sera adress\u00e9e dans les meilleurs d\u00e9lais (1 mois maximum \u00e0 compter de la r\u00e9ception de votre demande).<br>Par souci de confidentialit\u00e9 et de protection des donn\u00e9es, merci de joindre une copie d\u2019une pi\u00e8ce d\u2019identit\u00e9 (carte d\u2019identit\u00e9, passeport, permis de conduire) \u00e0 vos demandes d\u2019acc\u00e8s, de rectification ou de suppression.<\/p>\n\n\n\n<p><strong>Droit d\u2019acc\u00e8s<\/strong><\/p>\n\n\n\n<p>Vous pouvez acc\u00e9der \u00e0 vos donn\u00e9es.<br>Pour vous aider : <a href=\"https:\/\/www.cnil.fr\/fr\/modele\/courrier\/exercer-son-droit-dacces\" target=\"_blank\" rel=\"noreferrer noopener\">Mod\u00e8le de demande d\u2019acc\u00e8s aux donn\u00e9es personnelles de la CNIL<\/a><\/p>\n\n\n\n<p><strong>Droit de rectification des donn\u00e9es<\/strong><br>Vous avez le droit de rectifier, compl\u00e9ter et\/ou mettre \u00e0 jour vos donn\u00e9es personnelles.<br>Pour vous aider : <a href=\"https:\/\/www.cnil.fr\/fr\/modele\/courrier\/rectifier-des-donnees-incompletes\" target=\"_blank\" rel=\"noreferrer noopener\">Mod\u00e8le de demande de rectification de donn\u00e9es personnelles de la CNIL<\/a><\/p>\n\n\n\n<p><strong>Droit d\u2019opposition<\/strong><br>Vous pouvez vous opposer \u00e0 la conservation de vos donn\u00e9es personnelles ou \u00e0 leur traitement sous condition de motif l\u00e9gitime.<br>Pour vous aider : <a href=\"https:\/\/www.cnil.fr\/fr\/modele\/courrier\/supprimer-des-informations-vous-concernant-dun-site-internet\" target=\"_blank\" rel=\"noreferrer noopener\">Mod\u00e8le de demande d\u2019opposition \u00e0 la conservation de donn\u00e9es personnelles de la CNIL<\/a><\/p>\n\n\n\n<p>Vous n\u2019\u00eates pas satisfait par la mani\u00e8re dont la Ville de Sarrebourg traite vos donn\u00e9es personnelles ? Vous pouvez d\u00e9poser une plainte aupr\u00e8s de l\u2019autorit\u00e9 comp\u00e9tente, la CNIL.<\/p>\n","protected":false},"excerpt":{"rendered":"<p>Traitement des donn\u00e9es personnelles Une donn\u00e9e personnelle est une donn\u00e9e qui permet, seule ou par association, d\u2019identifier une personne (nom, [&hellip;]<\/p>\n","protected":false},"author":1,"featured_media":0,"parent":0,"menu_order":0,"comment_status":"closed","ping_status":"open","template":"","meta":{"site-sidebar-layout":"default","site-content-layout":"","ast-site-content-layout":"","site-content-style":"default","site-sidebar-style":"default","ast-global-header-display":"","ast-banner-title-visibility":"","ast-main-header-display":"","ast-hfb-above-header-display":"","ast-hfb-below-header-display":"","ast-hfb-mobile-header-display":"","site-post-title":"","ast-breadcrumbs-content":"","ast-featured-img":"","footer-sml-layout":"","theme-transparent-header-meta":"","adv-header-id-meta":"","stick-header-meta":"","header-above-stick-meta":"","header-main-stick-meta":"","header-below-stick-meta":"","astra-migrate-meta-layouts":"default","ast-page-background-enabled":"default","ast-page-background-meta":{"desktop":{"background-color":"var(--ast-global-color-5)","background-image":"","background-repeat":"repeat","background-position":"center center","background-size":"auto","background-attachment":"scroll","background-type":"","background-media":"","overlay-type":"","overlay-color":"","overlay-opacity":"","overlay-gradient":""},"tablet":{"background-color":"","background-image":"","background-repeat":"repeat","background-position":"center center","background-size":"auto","background-attachment":"scroll","background-type":"","background-media":"","overlay-type":"","overlay-color":"","overlay-opacity":"","overlay-gradient":""},"mobile":{"background-color":"","background-image":"","background-repeat":"repeat","background-position":"center center","background-size":"auto","background-attachment":"scroll","background-type":"","background-media":"","overlay-type":"","overlay-color":"","overlay-opacity":"","overlay-gradient":""}},"ast-content-background-meta":{"desktop":{"background-color":"var(--ast-global-color-4)","background-image":"","background-repeat":"repeat","background-position":"center center","background-size":"auto","background-attachment":"scroll","background-type":"","background-media":"","overlay-type":"","overlay-color":"","overlay-opacity":"","overlay-gradient":""},"tablet":{"background-color":"var(--ast-global-color-4)","background-image":"","background-repeat":"repeat","background-position":"center center","background-size":"auto","background-attachment":"scroll","background-type":"","background-media":"","overlay-type":"","overlay-color":"","overlay-opacity":"","overlay-gradient":""},"mobile":{"background-color":"var(--ast-global-color-4)","background-image":"","background-repeat":"repeat","background-position":"center center","background-size":"auto","background-attachment":"scroll","background-type":"","background-media":"","overlay-type":"","overlay-color":"","overlay-opacity":"","overlay-gradient":""}},"footnotes":""},"class_list":["post-3","page","type-page","status-publish","hentry"],"_links":{"self":[{"href":"https:\/\/authentiquesavon.fr\/index.php?rest_route=\/wp\/v2\/pages\/3","targetHints":{"allow":["GET"]}}],"collection":[{"href":"https:\/\/authentiquesavon.fr\/index.php?rest_route=\/wp\/v2\/pages"}],"about":[{"href":"https:\/\/authentiquesavon.fr\/index.php?rest_route=\/wp\/v2\/types\/page"}],"author":[{"embeddable":true,"href":"https:\/\/authentiquesavon.fr\/index.php?rest_route=\/wp\/v2\/users\/1"}],"replies":[{"embeddable":true,"href":"https:\/\/authentiquesavon.fr\/index.php?rest_route=%2Fwp%2Fv2%2Fcomments&post=3"}],"version-history":[{"count":2,"href":"https:\/\/authentiquesavon.fr\/index.php?rest_route=\/wp\/v2\/pages\/3\/revisions"}],"predecessor-version":[{"id":171,"href":"https:\/\/authentiquesavon.fr\/index.php?rest_route=\/wp\/v2\/pages\/3\/revisions\/171"}],"wp:attachment":[{"href":"https:\/\/authentiquesavon.fr\/index.php?rest_route=%2Fwp%2Fv2%2Fmedia&parent=3"}],"curies":[{"name":"wp","href":"https:\/\/api.w.org\/{rel}","templated":true}]}}