{"id":253,"date":"2025-03-20T15:31:30","date_gmt":"2025-03-20T15:31:30","guid":{"rendered":"https:\/\/authentiquesavon.com\/?page_id=253"},"modified":"2025-03-23T16:56:19","modified_gmt":"2025-03-23T16:56:19","slug":"notre-ethique","status":"publish","type":"page","link":"https:\/\/authentiquesavon.fr\/?page_id=253","title":{"rendered":"Notre Ethique"},"content":{"rendered":"\n<h1 class=\"wp-block-heading\">Pour le respect de la nature et de notre peau<\/h1>\n\n\n\n<div class=\"wp-block-media-text is-stacked-on-mobile\"><figure class=\"wp-block-media-text__media\"><img loading=\"lazy\" decoding=\"async\" width=\"768\" height=\"1024\" src=\"https:\/\/authentiquesavon.com\/wp-content\/uploads\/2025\/03\/IMG-20250320-WA0039-768x1024.jpg\" alt=\"\" class=\"wp-image-277 size-full\" srcset=\"https:\/\/authentiquesavon.fr\/wp-content\/uploads\/2025\/03\/IMG-20250320-WA0039-768x1024.jpg 768w, https:\/\/authentiquesavon.fr\/wp-content\/uploads\/2025\/03\/IMG-20250320-WA0039-225x300.jpg 225w, https:\/\/authentiquesavon.fr\/wp-content\/uploads\/2025\/03\/IMG-20250320-WA0039-1152x1536.jpg 1152w, https:\/\/authentiquesavon.fr\/wp-content\/uploads\/2025\/03\/IMG-20250320-WA0039-600x800.jpg 600w, https:\/\/authentiquesavon.fr\/wp-content\/uploads\/2025\/03\/IMG-20250320-WA0039.jpg 1536w\" sizes=\"auto, (max-width: 768px) 100vw, 768px\" \/><\/figure><div class=\"wp-block-media-text__content\">\n<p class=\"has-ast-global-color-0-color has-text-color has-link-color has-medium-font-size wp-elements-126f548d3d77b70f4c9422d7d1e345c8\">Nos savons sont enti\u00e8rement fabriqu\u00e9s \u00e0 la main, selon une m\u00e9thode simple, unique et \u00e9cologique appel\u00e9e <em>saponification \u00e0 froid.<\/em><\/p>\n\n\n\n<p class=\"has-ast-global-color-0-color has-text-color has-link-color has-medium-font-size wp-elements-2781670f4acc9527bbddd427d78eeada\">Le fait d\u2019\u00e9laborer mes formules, m\u2019a permis de cr\u00e9er des savons de tr\u00e8s hautes qualit\u00e9s et les plus surgras (\u00e0 ma connaissance). Il faut en moyenne huit semaines de la conception \u00e0 l\u2019utilisation.<\/p>\n<\/div><\/div>\n\n\n\n<div class=\"wp-block-media-text has-media-on-the-right is-stacked-on-mobile\"><div class=\"wp-block-media-text__content\">\n<p class=\"has-ast-global-color-0-color has-text-color has-link-color has-medium-font-size wp-elements-e4ae505a20ed9165b0945d87980a8cf6\">Ce proc\u00e9d\u00e9 respecte notre plan\u00e8te, notre environnement et notre peau ;<br>Les ingr\u00e9dients sont soigneusement choisis pour leurs qualit\u00e9s et leurs propri\u00e9t\u00e9s. Ils sont tous biologiques certifi\u00e9s.<\/p>\n\n\n\n<p class=\"has-ast-global-color-0-color has-text-color has-link-color has-medium-font-size wp-elements-29f1a3de9f8e6f609e62edddb9bc05f7\">Toutes les huiles v\u00e9g\u00e9tales utilis\u00e9es, sont des huiles vierges premi\u00e8res pressions \u00e0 froid, les huiles essentielles sont 100% pures.<\/p>\n<\/div><figure class=\"wp-block-media-text__media\"><img loading=\"lazy\" decoding=\"async\" width=\"923\" height=\"1024\" src=\"http:\/\/authentiquesavon.com\/wp-content\/uploads\/2025\/03\/IMG-20250320-WA0002-923x1024.jpg\" alt=\"\" class=\"wp-image-279 size-full\" srcset=\"https:\/\/authentiquesavon.fr\/wp-content\/uploads\/2025\/03\/IMG-20250320-WA0002-923x1024.jpg 923w, https:\/\/authentiquesavon.fr\/wp-content\/uploads\/2025\/03\/IMG-20250320-WA0002-270x300.jpg 270w, https:\/\/authentiquesavon.fr\/wp-content\/uploads\/2025\/03\/IMG-20250320-WA0002-768x852.jpg 768w, https:\/\/authentiquesavon.fr\/wp-content\/uploads\/2025\/03\/IMG-20250320-WA0002-1384x1536.jpg 1384w, https:\/\/authentiquesavon.fr\/wp-content\/uploads\/2025\/03\/IMG-20250320-WA0002-600x666.jpg 600w, https:\/\/authentiquesavon.fr\/wp-content\/uploads\/2025\/03\/IMG-20250320-WA0002.jpg 1530w\" sizes=\"auto, (max-width: 923px) 100vw, 923px\" \/><\/figure><\/div>\n\n\n\n<p class=\"has-ast-global-color-0-color has-text-color has-link-color wp-elements-5b2047e36875cf6c1775c5397b28afb0\">Ce sont des savons 100% <strong>Biod\u00e9gradables,<\/strong> ils n\u2019engendrent, <strong>Aucune Pollution <\/strong>de l\u2019<strong>Eau<\/strong>, de l\u2019<strong>Air<\/strong> et de la <strong>Terre<\/strong>&nbsp; pendant leur fabrication ou leur utilisation. Pour prendre soin de <strong>Vous<\/strong>, des <strong>Autres<\/strong> et de la <strong>Nature<\/strong>.<\/p>\n\n\n\n<h1 class=\"wp-block-heading\">Les labels qualit\u00e9s<\/h1>\n\n\n\n<div class=\"wp-block-columns is-layout-flex wp-container-core-columns-is-layout-28f84493 wp-block-columns-is-layout-flex\">\n<div class=\"wp-block-column is-layout-flow wp-block-column-is-layout-flow\">\n<figure class=\"wp-block-image size-large\"><img loading=\"lazy\" decoding=\"async\" width=\"1024\" height=\"731\" src=\"http:\/\/authentiquesavon.com\/wp-content\/uploads\/2025\/03\/logo_mosl_qualite_moselle_avec_filet-1024x731.png\" alt=\"\" class=\"wp-image-256\" srcset=\"https:\/\/authentiquesavon.fr\/wp-content\/uploads\/2025\/03\/logo_mosl_qualite_moselle_avec_filet-1024x731.png 1024w, https:\/\/authentiquesavon.fr\/wp-content\/uploads\/2025\/03\/logo_mosl_qualite_moselle_avec_filet-300x214.png 300w, https:\/\/authentiquesavon.fr\/wp-content\/uploads\/2025\/03\/logo_mosl_qualite_moselle_avec_filet-768x549.png 768w, https:\/\/authentiquesavon.fr\/wp-content\/uploads\/2025\/03\/logo_mosl_qualite_moselle_avec_filet-1536x1097.png 1536w, https:\/\/authentiquesavon.fr\/wp-content\/uploads\/2025\/03\/logo_mosl_qualite_moselle_avec_filet-2048x1463.png 2048w, https:\/\/authentiquesavon.fr\/wp-content\/uploads\/2025\/03\/logo_mosl_qualite_moselle_avec_filet-600x429.png 600w\" sizes=\"auto, (max-width: 1024px) 100vw, 1024px\" \/><\/figure>\n<\/div>\n\n\n\n<div class=\"wp-block-column is-layout-flow wp-block-column-is-layout-flow\">\n<figure class=\"wp-block-image size-full\"><img loading=\"lazy\" decoding=\"async\" width=\"900\" height=\"900\" src=\"https:\/\/authentiquesavon.com\/wp-content\/uploads\/2025\/03\/saf.png\" alt=\"\" class=\"wp-image-257\" srcset=\"https:\/\/authentiquesavon.fr\/wp-content\/uploads\/2025\/03\/saf.png 900w, https:\/\/authentiquesavon.fr\/wp-content\/uploads\/2025\/03\/saf-300x300.png 300w, https:\/\/authentiquesavon.fr\/wp-content\/uploads\/2025\/03\/saf-150x150.png 150w, https:\/\/authentiquesavon.fr\/wp-content\/uploads\/2025\/03\/saf-768x768.png 768w, https:\/\/authentiquesavon.fr\/wp-content\/uploads\/2025\/03\/saf-600x600.png 600w, https:\/\/authentiquesavon.fr\/wp-content\/uploads\/2025\/03\/saf-100x100.png 100w\" sizes=\"auto, (max-width: 900px) 100vw, 900px\" \/><\/figure>\n<\/div>\n<\/div>\n","protected":false},"excerpt":{"rendered":"<p>Pour le respect de la nature et de notre peau Nos savons sont enti\u00e8rement fabriqu\u00e9s \u00e0 la main, selon une [&hellip;]<\/p>\n","protected":false},"author":3,"featured_media":0,"parent":0,"menu_order":0,"comment_status":"closed","ping_status":"closed","template":"","meta":{"site-sidebar-layout":"default","site-content-layout":"","ast-site-content-layout":"","site-content-style":"default","site-sidebar-style":"default","ast-global-header-display":"","ast-banner-title-visibility":"","ast-main-header-display":"","ast-hfb-above-header-display":"","ast-hfb-below-header-display":"","ast-hfb-mobile-header-display":"","site-post-title":"disabled","ast-breadcrumbs-content":"","ast-featured-img":"","footer-sml-layout":"","theme-transparent-header-meta":"","adv-header-id-meta":"","stick-header-meta":"","header-above-stick-meta":"","header-main-stick-meta":"","header-below-stick-meta":"","astra-migrate-meta-layouts":"default","ast-page-background-enabled":"default","ast-page-background-meta":{"desktop":{"background-color":"var(--ast-global-color-5)","background-image":"","background-repeat":"repeat","background-position":"center center","background-size":"auto","background-attachment":"scroll","background-type":"","background-media":"","overlay-type":"","overlay-color":"","overlay-opacity":"","overlay-gradient":""},"tablet":{"background-color":"","background-image":"","background-repeat":"repeat","background-position":"center center","background-size":"auto","background-attachment":"scroll","background-type":"","background-media":"","overlay-type":"","overlay-color":"","overlay-opacity":"","overlay-gradient":""},"mobile":{"background-color":"","background-image":"","background-repeat":"repeat","background-position":"center center","background-size":"auto","background-attachment":"scroll","background-type":"","background-media":"","overlay-type":"","overlay-color":"","overlay-opacity":"","overlay-gradient":""}},"ast-content-background-meta":{"desktop":{"background-color":"var(--ast-global-color-4)","background-image":"","background-repeat":"repeat","background-position":"center center","background-size":"auto","background-attachment":"scroll","background-type":"","background-media":"","overlay-type":"","overlay-color":"","overlay-opacity":"","overlay-gradient":""},"tablet":{"background-color":"var(--ast-global-color-4)","background-image":"","background-repeat":"repeat","background-position":"center center","background-size":"auto","background-attachment":"scroll","background-type":"","background-media":"","overlay-type":"","overlay-color":"","overlay-opacity":"","overlay-gradient":""},"mobile":{"background-color":"var(--ast-global-color-4)","background-image":"","background-repeat":"repeat","background-position":"center center","background-size":"auto","background-attachment":"scroll","background-type":"","background-media":"","overlay-type":"","overlay-color":"","overlay-opacity":"","overlay-gradient":""}},"footnotes":""},"class_list":["post-253","page","type-page","status-publish","hentry"],"_links":{"self":[{"href":"https:\/\/authentiquesavon.fr\/index.php?rest_route=\/wp\/v2\/pages\/253","targetHints":{"allow":["GET"]}}],"collection":[{"href":"https:\/\/authentiquesavon.fr\/index.php?rest_route=\/wp\/v2\/pages"}],"about":[{"href":"https:\/\/authentiquesavon.fr\/index.php?rest_route=\/wp\/v2\/types\/page"}],"author":[{"embeddable":true,"href":"https:\/\/authentiquesavon.fr\/index.php?rest_route=\/wp\/v2\/users\/3"}],"replies":[{"embeddable":true,"href":"https:\/\/authentiquesavon.fr\/index.php?rest_route=%2Fwp%2Fv2%2Fcomments&post=253"}],"version-history":[{"count":6,"href":"https:\/\/authentiquesavon.fr\/index.php?rest_route=\/wp\/v2\/pages\/253\/revisions"}],"predecessor-version":[{"id":316,"href":"https:\/\/authentiquesavon.fr\/index.php?rest_route=\/wp\/v2\/pages\/253\/revisions\/316"}],"wp:attachment":[{"href":"https:\/\/authentiquesavon.fr\/index.php?rest_route=%2Fwp%2Fv2%2Fmedia&parent=253"}],"curies":[{"name":"wp","href":"https:\/\/api.w.org\/{rel}","templated":true}]}}