{"id":189,"date":"2025-03-18T17:59:53","date_gmt":"2025-03-18T17:59:53","guid":{"rendered":"https:\/\/authentiquesavon.com\/?page_id=189"},"modified":"2025-03-22T19:55:28","modified_gmt":"2025-03-22T19:55:28","slug":"nos-baumes","status":"publish","type":"page","link":"https:\/\/authentiquesavon.fr\/?page_id=189","title":{"rendered":"Nos Baumes"},"content":{"rendered":"<div class=\"woocommerce columns-3 \"><ul class=\"products columns-3\">\n<li class=\"desktop-align-left tablet-align-left mobile-align-left product type-product post-562 status-publish first instock product_cat-nos-baumes has-post-thumbnail sale taxable shipping-taxable purchasable product-type-simple\">\n\t<a href=\"https:\/\/authentiquesavon.fr\/?product=baume-lessentiel-apaisant\" class=\"woocommerce-LoopProduct-link woocommerce-loop-product__link\">\n\t\n\t<img loading=\"lazy\" decoding=\"async\" width=\"300\" height=\"300\" src=\"https:\/\/authentiquesavon.fr\/wp-content\/uploads\/2025\/06\/Baume-lessentiele-300x300.png\" class=\"attachment-woocommerce_thumbnail size-woocommerce_thumbnail\" alt=\"Baume &quot;L&#039;Essentiel&quot;-apaisant (30g)\" srcset=\"https:\/\/authentiquesavon.fr\/wp-content\/uploads\/2025\/06\/Baume-lessentiele-300x300.png 300w, https:\/\/authentiquesavon.fr\/wp-content\/uploads\/2025\/06\/Baume-lessentiele-150x150.png 150w, https:\/\/authentiquesavon.fr\/wp-content\/uploads\/2025\/06\/Baume-lessentiele-100x100.png 100w\" sizes=\"auto, (max-width: 300px) 100vw, 300px\" \/><h2 class=\"woocommerce-loop-product__title\">Baume &#8220;L&#8217;Essentiel&#8221;-apaisant (30g)<\/h2><div class=\"review-rating\"><div class=\"star-rating\"><span style=\"width:0%\">Note <strong class=\"rating\">0<\/strong> sur 5<\/span><\/div><\/div>\n\t<span class=\"price\"><del aria-hidden=\"true\"><span class=\"woocommerce-Price-amount amount\"><bdi>24,90&nbsp;<span class=\"woocommerce-Price-currencySymbol\">&euro;<\/span><\/bdi><\/span><\/del> <span class=\"screen-reader-text\">Le prix initial \u00e9tait\u00a0: 24,90&nbsp;&euro;.<\/span><ins aria-hidden=\"true\"><span class=\"woocommerce-Price-amount amount\"><bdi>19,90&nbsp;<span class=\"woocommerce-Price-currencySymbol\">&euro;<\/span><\/bdi><\/span><\/ins><span class=\"screen-reader-text\">Le prix actuel est\u00a0: 19,90&nbsp;&euro;.<\/span><\/span>\n<\/a><span  class=\"ast-on-card-button ast-onsale-card\" data-notification=\"default\">Promo\u00a0!<\/span><a href=\"\/index.php?rest_route=%2Fwp%2Fv2%2Fpages%2F189&#038;add-to-cart=562\" data-quantity=\"1\" class=\"ast-on-card-button ast-select-options-trigger product_type_simple add_to_cart_button ajax_add_to_cart\" data-product_id=\"562\" data-product_sku=\"\" aria-label=\"Ajouter au panier\u00a0: &ldquo;Baume &quot;L&#039;Essentiel&quot;-apaisant (30g)&rdquo;\" rel=\"nofollow\"> <span class=\"ast-card-action-tooltip\"> Ajouter au panier <\/span> <span class=\"ahfb-svg-iconset\"> <span class=\"ast-icon icon-cart\"><svg xmlns=\"http:\/\/www.w3.org\/2000\/svg\" xmlns:xlink=\"http:\/\/www.w3.org\/1999\/xlink\" version=\"1.1\" id=\"ast-cart-svg\" x=\"0px\" y=\"0px\" width=\"20px\" height=\"20px\" viewBox=\"826 837.5 140 121\" enable-background=\"new 826 837.5 140 121\" xml:space=\"preserve\">\n\t\t\t\t<path d=\"M878.77,943.611c0,2.75-1.005,5.131-3.015,7.141c-2.009,2.01-4.389,3.014-7.139,3.014c-2.75,0-5.13-1.004-7.139-3.014  c-2.01-2.01-3.015-4.391-3.015-7.141c0-2.749,1.005-5.129,3.015-7.138c2.009-2.011,4.389-3.016,7.139-3.016  c2.75,0,5.13,1.005,7.139,3.016C877.765,938.482,878.77,940.862,878.77,943.611z M949.846,943.611c0,2.75-1.005,5.131-3.015,7.141  s-4.39,3.014-7.141,3.014c-2.748,0-5.129-1.004-7.138-3.014c-2.01-2.01-3.015-4.391-3.015-7.141c0-2.749,1.005-5.129,3.015-7.138  c2.009-2.011,4.39-3.016,7.138-3.016c2.751,0,5.131,1.005,7.141,3.016C948.841,938.482,949.846,940.862,949.846,943.611z   M960,857.306v40.615c0,1.27-0.438,2.393-1.311,3.371s-1.943,1.548-3.212,1.705l-82.815,9.678c0.687,3.174,1.031,5.024,1.031,5.554  c0,0.846-0.635,2.539-1.904,5.076h72.979c1.375,0,2.564,0.503,3.569,1.508c1.006,1.005,1.508,2.194,1.508,3.569  c0,1.376-0.502,2.564-1.508,3.569c-1.005,1.005-2.194,1.507-3.569,1.507H863.54c-1.375,0-2.565-0.502-3.57-1.507  s-1.507-2.193-1.507-3.569c0-0.581,0.212-1.415,0.634-2.498c0.424-1.085,0.847-2.036,1.27-2.855c0.423-0.82,0.992-1.878,1.706-3.174  s1.124-2.076,1.23-2.34l-14.041-65.285h-16.183c-1.375,0-2.564-0.502-3.569-1.507c-1.005-1.005-1.508-2.195-1.508-3.57  c0-1.375,0.502-2.565,1.508-3.57c1.004-1.004,2.194-1.507,3.569-1.507h20.308c0.846,0,1.6,0.172,2.261,0.516  s1.177,0.754,1.547,1.229c0.37,0.476,0.714,1.124,1.032,1.944c0.316,0.819,0.528,1.507,0.634,2.062  c0.106,0.556,0.252,1.336,0.437,2.34c0.185,1.005,0.304,1.692,0.357,2.063h95.271c1.375,0,2.563,0.502,3.57,1.507  C959.497,854.741,960,855.931,960,857.306z\" \/>\n\t\t\t\t<\/svg><\/span> <\/span> <\/a><a href=\"\/index.php?rest_route=%2Fwp%2Fv2%2Fpages%2F189&#038;add-to-cart=562\" aria-describedby=\"woocommerce_loop_add_to_cart_link_describedby_562\" data-quantity=\"1\" class=\"button product_type_simple add_to_cart_button ajax_add_to_cart\" data-product_id=\"562\" data-product_sku=\"\" aria-label=\"Ajouter au panier\u00a0: &ldquo;Baume &quot;L&#039;Essentiel&quot;-apaisant (30g)&rdquo;\" rel=\"nofollow\" data-success_message=\"\u00ab\u00a0Baume &quot;L&#039;Essentiel&quot;-apaisant (30g)\u00a0\u00bb a \u00e9t\u00e9 ajout\u00e9 \u00e0 votre panier\" role=\"button\">Ajouter au panier<\/a>\t<span id=\"woocommerce_loop_add_to_cart_link_describedby_562\" class=\"screen-reader-text\">\n\t\t\t<\/span>\n<\/li>\n<li class=\"desktop-align-left tablet-align-left mobile-align-left product type-product post-138 status-publish instock product_cat-nos-baumes has-post-thumbnail shipping-taxable purchasable product-type-variable\">\n\t<a href=\"https:\/\/authentiquesavon.fr\/?product=baume-aux-huiles-precieuses-en-pot\" class=\"woocommerce-LoopProduct-link woocommerce-loop-product__link\"><img loading=\"lazy\" decoding=\"async\" width=\"300\" height=\"300\" src=\"https:\/\/authentiquesavon.fr\/wp-content\/uploads\/2025\/02\/baume-completpng-e1748536384334-300x300.png\" class=\"attachment-woocommerce_thumbnail size-woocommerce_thumbnail\" alt=\"Baume aux huiles pr\u00e9cieuses (en pot) - synergie de huit huiles v\u00e9g\u00e9tales\" srcset=\"https:\/\/authentiquesavon.fr\/wp-content\/uploads\/2025\/02\/baume-completpng-e1748536384334-300x300.png 300w, https:\/\/authentiquesavon.fr\/wp-content\/uploads\/2025\/02\/baume-completpng-e1748536384334-150x150.png 150w, https:\/\/authentiquesavon.fr\/wp-content\/uploads\/2025\/02\/baume-completpng-e1748536384334-100x100.png 100w\" sizes=\"auto, (max-width: 300px) 100vw, 300px\" \/><h2 class=\"woocommerce-loop-product__title\">Baume aux huiles pr\u00e9cieuses (en pot) &#8211; synergie de huit huiles v\u00e9g\u00e9tales<\/h2><div class=\"review-rating\"><div class=\"star-rating\"><span style=\"width:0%\">Note <strong class=\"rating\">0<\/strong> sur 5<\/span><\/div><\/div>\n\t<span class=\"price\"><span class=\"woocommerce-Price-amount amount\" aria-hidden=\"true\"><bdi>7,00&nbsp;<span class=\"woocommerce-Price-currencySymbol\">&euro;<\/span><\/bdi><\/span> <span aria-hidden=\"true\">\u00a0\u2013\u00a0<\/span> <span class=\"woocommerce-Price-amount amount\" aria-hidden=\"true\"><bdi>25,00&nbsp;<span class=\"woocommerce-Price-currencySymbol\">&euro;<\/span><\/bdi><\/span><span class=\"screen-reader-text\">Plage de prix\u00a0: 7,00&nbsp;&euro; \u00e0 25,00&nbsp;&euro;<\/span><\/span>\n<\/a><a href=\"https:\/\/authentiquesavon.fr\/?product=baume-aux-huiles-precieuses-en-pot\" data-quantity=\"1\" class=\"ast-on-card-button ast-select-options-trigger product_type_variable add_to_cart_button\" data-product_id=\"138\" data-product_sku=\"\" aria-label=\"S\u00e9lectionner les options pour &ldquo;Baume aux huiles pr\u00e9cieuses (en pot) - synergie de huit huiles v\u00e9g\u00e9tales&rdquo;\" rel=\"nofollow\"> <span class=\"ast-card-action-tooltip\"> Choix des options <\/span> <span class=\"ahfb-svg-iconset\"> <span class=\"ast-icon icon-cart\"><svg xmlns=\"http:\/\/www.w3.org\/2000\/svg\" xmlns:xlink=\"http:\/\/www.w3.org\/1999\/xlink\" version=\"1.1\" id=\"ast-cart-svg\" x=\"0px\" y=\"0px\" width=\"20px\" height=\"20px\" viewBox=\"826 837.5 140 121\" enable-background=\"new 826 837.5 140 121\" xml:space=\"preserve\">\n\t\t\t\t<path d=\"M878.77,943.611c0,2.75-1.005,5.131-3.015,7.141c-2.009,2.01-4.389,3.014-7.139,3.014c-2.75,0-5.13-1.004-7.139-3.014  c-2.01-2.01-3.015-4.391-3.015-7.141c0-2.749,1.005-5.129,3.015-7.138c2.009-2.011,4.389-3.016,7.139-3.016  c2.75,0,5.13,1.005,7.139,3.016C877.765,938.482,878.77,940.862,878.77,943.611z M949.846,943.611c0,2.75-1.005,5.131-3.015,7.141  s-4.39,3.014-7.141,3.014c-2.748,0-5.129-1.004-7.138-3.014c-2.01-2.01-3.015-4.391-3.015-7.141c0-2.749,1.005-5.129,3.015-7.138  c2.009-2.011,4.39-3.016,7.138-3.016c2.751,0,5.131,1.005,7.141,3.016C948.841,938.482,949.846,940.862,949.846,943.611z   M960,857.306v40.615c0,1.27-0.438,2.393-1.311,3.371s-1.943,1.548-3.212,1.705l-82.815,9.678c0.687,3.174,1.031,5.024,1.031,5.554  c0,0.846-0.635,2.539-1.904,5.076h72.979c1.375,0,2.564,0.503,3.569,1.508c1.006,1.005,1.508,2.194,1.508,3.569  c0,1.376-0.502,2.564-1.508,3.569c-1.005,1.005-2.194,1.507-3.569,1.507H863.54c-1.375,0-2.565-0.502-3.57-1.507  s-1.507-2.193-1.507-3.569c0-0.581,0.212-1.415,0.634-2.498c0.424-1.085,0.847-2.036,1.27-2.855c0.423-0.82,0.992-1.878,1.706-3.174  s1.124-2.076,1.23-2.34l-14.041-65.285h-16.183c-1.375,0-2.564-0.502-3.569-1.507c-1.005-1.005-1.508-2.195-1.508-3.57  c0-1.375,0.502-2.565,1.508-3.57c1.004-1.004,2.194-1.507,3.569-1.507h20.308c0.846,0,1.6,0.172,2.261,0.516  s1.177,0.754,1.547,1.229c0.37,0.476,0.714,1.124,1.032,1.944c0.316,0.819,0.528,1.507,0.634,2.062  c0.106,0.556,0.252,1.336,0.437,2.34c0.185,1.005,0.304,1.692,0.357,2.063h95.271c1.375,0,2.563,0.502,3.57,1.507  C959.497,854.741,960,855.931,960,857.306z\" \/>\n\t\t\t\t<\/svg><\/span> <\/span> <\/a><a href=\"https:\/\/authentiquesavon.fr\/?product=baume-aux-huiles-precieuses-en-pot\" aria-describedby=\"woocommerce_loop_add_to_cart_link_describedby_138\" data-quantity=\"1\" class=\"button product_type_variable add_to_cart_button\" data-product_id=\"138\" data-product_sku=\"\" aria-label=\"S\u00e9lectionner les options pour &ldquo;Baume aux huiles pr\u00e9cieuses (en pot) - synergie de huit huiles v\u00e9g\u00e9tales&rdquo;\" rel=\"nofollow\">Choix des options<\/a>\t<span id=\"woocommerce_loop_add_to_cart_link_describedby_138\" class=\"screen-reader-text\">\n\t\tCe produit a plusieurs variations. Les options peuvent \u00eatre choisies sur la page du produit\t<\/span>\n<\/li>\n<li class=\"desktop-align-left tablet-align-left mobile-align-left product type-product post-446 status-publish last instock product_cat-nos-baumes has-post-thumbnail taxable shipping-taxable purchasable product-type-variable\">\n\t<a href=\"https:\/\/authentiquesavon.fr\/?product=baume-synergie-spray\" class=\"woocommerce-LoopProduct-link woocommerce-loop-product__link\"><img loading=\"lazy\" decoding=\"async\" width=\"300\" height=\"300\" src=\"https:\/\/authentiquesavon.fr\/wp-content\/uploads\/2025\/05\/baume-spray-300x300.png\" class=\"attachment-woocommerce_thumbnail size-woocommerce_thumbnail\" alt=\"Baume Synergie Spray - synergie de 6 huiles v\u00e9g\u00e9tales\" \/><h2 class=\"woocommerce-loop-product__title\">Baume Synergie Spray &#8211; synergie de 6 huiles v\u00e9g\u00e9tales<\/h2><div class=\"review-rating\"><div class=\"star-rating\"><span style=\"width:0%\">Note <strong class=\"rating\">0<\/strong> sur 5<\/span><\/div><\/div>\n\t<span class=\"price\"><span class=\"woocommerce-Price-amount amount\" aria-hidden=\"true\"><bdi>10,00&nbsp;<span class=\"woocommerce-Price-currencySymbol\">&euro;<\/span><\/bdi><\/span> <span aria-hidden=\"true\">\u00a0\u2013\u00a0<\/span> <span class=\"woocommerce-Price-amount amount\" aria-hidden=\"true\"><bdi>20,00&nbsp;<span class=\"woocommerce-Price-currencySymbol\">&euro;<\/span><\/bdi><\/span><span class=\"screen-reader-text\">Plage de prix\u00a0: 10,00&nbsp;&euro; \u00e0 20,00&nbsp;&euro;<\/span><\/span>\n<\/a><a href=\"https:\/\/authentiquesavon.fr\/?product=baume-synergie-spray\" data-quantity=\"1\" class=\"ast-on-card-button ast-select-options-trigger product_type_variable add_to_cart_button\" data-product_id=\"446\" data-product_sku=\"\" aria-label=\"S\u00e9lectionner les options pour &ldquo;Baume Synergie Spray - synergie de 6 huiles v\u00e9g\u00e9tales&rdquo;\" rel=\"nofollow\"> <span class=\"ast-card-action-tooltip\"> Choix des options <\/span> <span class=\"ahfb-svg-iconset\"> <span class=\"ast-icon icon-cart\"><svg xmlns=\"http:\/\/www.w3.org\/2000\/svg\" xmlns:xlink=\"http:\/\/www.w3.org\/1999\/xlink\" version=\"1.1\" id=\"ast-cart-svg\" x=\"0px\" y=\"0px\" width=\"20px\" height=\"20px\" viewBox=\"826 837.5 140 121\" enable-background=\"new 826 837.5 140 121\" xml:space=\"preserve\">\n\t\t\t\t<path d=\"M878.77,943.611c0,2.75-1.005,5.131-3.015,7.141c-2.009,2.01-4.389,3.014-7.139,3.014c-2.75,0-5.13-1.004-7.139-3.014  c-2.01-2.01-3.015-4.391-3.015-7.141c0-2.749,1.005-5.129,3.015-7.138c2.009-2.011,4.389-3.016,7.139-3.016  c2.75,0,5.13,1.005,7.139,3.016C877.765,938.482,878.77,940.862,878.77,943.611z M949.846,943.611c0,2.75-1.005,5.131-3.015,7.141  s-4.39,3.014-7.141,3.014c-2.748,0-5.129-1.004-7.138-3.014c-2.01-2.01-3.015-4.391-3.015-7.141c0-2.749,1.005-5.129,3.015-7.138  c2.009-2.011,4.39-3.016,7.138-3.016c2.751,0,5.131,1.005,7.141,3.016C948.841,938.482,949.846,940.862,949.846,943.611z   M960,857.306v40.615c0,1.27-0.438,2.393-1.311,3.371s-1.943,1.548-3.212,1.705l-82.815,9.678c0.687,3.174,1.031,5.024,1.031,5.554  c0,0.846-0.635,2.539-1.904,5.076h72.979c1.375,0,2.564,0.503,3.569,1.508c1.006,1.005,1.508,2.194,1.508,3.569  c0,1.376-0.502,2.564-1.508,3.569c-1.005,1.005-2.194,1.507-3.569,1.507H863.54c-1.375,0-2.565-0.502-3.57-1.507  s-1.507-2.193-1.507-3.569c0-0.581,0.212-1.415,0.634-2.498c0.424-1.085,0.847-2.036,1.27-2.855c0.423-0.82,0.992-1.878,1.706-3.174  s1.124-2.076,1.23-2.34l-14.041-65.285h-16.183c-1.375,0-2.564-0.502-3.569-1.507c-1.005-1.005-1.508-2.195-1.508-3.57  c0-1.375,0.502-2.565,1.508-3.57c1.004-1.004,2.194-1.507,3.569-1.507h20.308c0.846,0,1.6,0.172,2.261,0.516  s1.177,0.754,1.547,1.229c0.37,0.476,0.714,1.124,1.032,1.944c0.316,0.819,0.528,1.507,0.634,2.062  c0.106,0.556,0.252,1.336,0.437,2.34c0.185,1.005,0.304,1.692,0.357,2.063h95.271c1.375,0,2.563,0.502,3.57,1.507  C959.497,854.741,960,855.931,960,857.306z\" \/>\n\t\t\t\t<\/svg><\/span> <\/span> <\/a><a href=\"https:\/\/authentiquesavon.fr\/?product=baume-synergie-spray\" aria-describedby=\"woocommerce_loop_add_to_cart_link_describedby_446\" data-quantity=\"1\" class=\"button product_type_variable add_to_cart_button\" data-product_id=\"446\" data-product_sku=\"\" aria-label=\"S\u00e9lectionner les options pour &ldquo;Baume Synergie Spray - synergie de 6 huiles v\u00e9g\u00e9tales&rdquo;\" rel=\"nofollow\">Choix des options<\/a>\t<span id=\"woocommerce_loop_add_to_cart_link_describedby_446\" class=\"screen-reader-text\">\n\t\tCe produit a plusieurs variations. Les options peuvent \u00eatre choisies sur la page du produit\t<\/span>\n<\/li>\n<\/ul>\n<\/div>\n\n\n\n<p><\/p>\n","protected":false},"excerpt":{"rendered":"","protected":false},"author":1,"featured_media":0,"parent":0,"menu_order":0,"comment_status":"closed","ping_status":"closed","template":"","meta":{"site-sidebar-layout":"default","site-content-layout":"","ast-site-content-layout":"","site-content-style":"default","site-sidebar-style":"default","ast-global-header-display":"","ast-banner-title-visibility":"","ast-main-header-display":"","ast-hfb-above-header-display":"","ast-hfb-below-header-display":"","ast-hfb-mobile-header-display":"","site-post-title":"","ast-breadcrumbs-content":"","ast-featured-img":"","footer-sml-layout":"","theme-transparent-header-meta":"","adv-header-id-meta":"","stick-header-meta":"","header-above-stick-meta":"","header-main-stick-meta":"","header-below-stick-meta":"","astra-migrate-meta-layouts":"default","ast-page-background-enabled":"default","ast-page-background-meta":{"desktop":{"background-color":"var(--ast-global-color-5)","background-image":"","background-repeat":"repeat","background-position":"center center","background-size":"auto","background-attachment":"scroll","background-type":"","background-media":"","overlay-type":"","overlay-color":"","overlay-opacity":"","overlay-gradient":""},"tablet":{"background-color":"","background-image":"","background-repeat":"repeat","background-position":"center center","background-size":"auto","background-attachment":"scroll","background-type":"","background-media":"","overlay-type":"","overlay-color":"","overlay-opacity":"","overlay-gradient":""},"mobile":{"background-color":"","background-image":"","background-repeat":"repeat","background-position":"center center","background-size":"auto","background-attachment":"scroll","background-type":"","background-media":"","overlay-type":"","overlay-color":"","overlay-opacity":"","overlay-gradient":""}},"ast-content-background-meta":{"desktop":{"background-color":"var(--ast-global-color-4)","background-image":"","background-repeat":"repeat","background-position":"center center","background-size":"auto","background-attachment":"scroll","background-type":"","background-media":"","overlay-type":"","overlay-color":"","overlay-opacity":"","overlay-gradient":""},"tablet":{"background-color":"var(--ast-global-color-4)","background-image":"","background-repeat":"repeat","background-position":"center center","background-size":"auto","background-attachment":"scroll","background-type":"","background-media":"","overlay-type":"","overlay-color":"","overlay-opacity":"","overlay-gradient":""},"mobile":{"background-color":"var(--ast-global-color-4)","background-image":"","background-repeat":"repeat","background-position":"center center","background-size":"auto","background-attachment":"scroll","background-type":"","background-media":"","overlay-type":"","overlay-color":"","overlay-opacity":"","overlay-gradient":""}},"footnotes":""},"class_list":["post-189","page","type-page","status-publish","hentry"],"_links":{"self":[{"href":"https:\/\/authentiquesavon.fr\/index.php?rest_route=\/wp\/v2\/pages\/189","targetHints":{"allow":["GET"]}}],"collection":[{"href":"https:\/\/authentiquesavon.fr\/index.php?rest_route=\/wp\/v2\/pages"}],"about":[{"href":"https:\/\/authentiquesavon.fr\/index.php?rest_route=\/wp\/v2\/types\/page"}],"author":[{"embeddable":true,"href":"https:\/\/authentiquesavon.fr\/index.php?rest_route=\/wp\/v2\/users\/1"}],"replies":[{"embeddable":true,"href":"https:\/\/authentiquesavon.fr\/index.php?rest_route=%2Fwp%2Fv2%2Fcomments&post=189"}],"version-history":[{"count":3,"href":"https:\/\/authentiquesavon.fr\/index.php?rest_route=\/wp\/v2\/pages\/189\/revisions"}],"predecessor-version":[{"id":471,"href":"https:\/\/authentiquesavon.fr\/index.php?rest_route=\/wp\/v2\/pages\/189\/revisions\/471"}],"wp:attachment":[{"href":"https:\/\/authentiquesavon.fr\/index.php?rest_route=%2Fwp%2Fv2%2Fmedia&parent=189"}],"curies":[{"name":"wp","href":"https:\/\/api.w.org\/{rel}","templated":true}]}}